{"id":143,"date":"2022-05-02T12:21:38","date_gmt":"2022-05-02T12:21:38","guid":{"rendered":"https:\/\/www.fondation-badilelubamba.org\/?page_id=143"},"modified":"2025-07-02T23:35:43","modified_gmt":"2025-07-02T23:35:43","slug":"badile-lubamba","status":"publish","type":"page","link":"https:\/\/www.fondation-badilelubamba.org\/en\/badile-lubamba\/","title":{"rendered":"Badile LUBAMBA"},"content":{"rendered":"<div data-elementor-type=\"wp-page\" data-elementor-id=\"143\" class=\"elementor elementor-143\" data-elementor-post-type=\"page\">\n\t\t\t\t\t\t<section class=\"elementor-section elementor-top-section elementor-element elementor-element-16f67d4 elementor-section-full_width elementor-section-height-min-height elementor-section-height-default elementor-section-items-middle\" data-id=\"16f67d4\" data-element_type=\"section\" data-settings=\"{&quot;background_background&quot;:&quot;classic&quot;}\">\n\t\t\t\t\t\t\t<div class=\"elementor-background-overlay\"><\/div>\n\t\t\t\t\t\t\t<div class=\"elementor-container elementor-column-gap-default\">\n\t\t\t\t\t<div class=\"elementor-column elementor-col-100 elementor-top-column elementor-element elementor-element-91573b4\" data-id=\"91573b4\" data-element_type=\"column\">\n\t\t\t<div class=\"elementor-widget-wrap\">\n\t\t\t\t\t\t\t<\/div>\n\t\t<\/div>\n\t\t\t\t\t<\/div>\n\t\t<\/section>\n\t\t\t\t<section class=\"elementor-section elementor-top-section elementor-element elementor-element-0fc1502 elementor-section-full_width elementor-section-height-default elementor-section-height-default\" data-id=\"0fc1502\" data-element_type=\"section\">\n\t\t\t\t\t\t<div class=\"elementor-container elementor-column-gap-default\">\n\t\t\t\t\t<div class=\"elementor-column elementor-col-100 elementor-top-column elementor-element elementor-element-eaf4c98\" data-id=\"eaf4c98\" data-element_type=\"column\">\n\t\t\t<div class=\"elementor-widget-wrap elementor-element-populated\">\n\t\t\t\t\t\t<section class=\"elementor-section elementor-inner-section elementor-element elementor-element-57d160a elementor-section-full_width elementor-section-height-default elementor-section-height-default\" data-id=\"57d160a\" data-element_type=\"section\">\n\t\t\t\t\t\t<div class=\"elementor-container elementor-column-gap-wider\">\n\t\t\t\t\t<div class=\"elementor-column elementor-col-50 elementor-inner-column elementor-element elementor-element-41b8a8a\" data-id=\"41b8a8a\" data-element_type=\"column\">\n\t\t\t<div class=\"elementor-widget-wrap elementor-element-populated\">\n\t\t\t\t\t\t<div class=\"elementor-element elementor-element-30b0ee6 elementor-widget elementor-widget-image\" data-id=\"30b0ee6\" data-element_type=\"widget\" data-widget_type=\"image.default\">\n\t\t\t\t<div class=\"elementor-widget-container\">\n\t\t\t\t\t\t\t\t\t\t\t\t\t\t\t<img fetchpriority=\"high\" decoding=\"async\" width=\"565\" height=\"630\" src=\"https:\/\/www.fondation-badilelubamba.org\/wp-content\/uploads\/2024\/04\/BK-L.png\" class=\"attachment-large size-large wp-image-547\" alt=\"\" srcset=\"https:\/\/www.fondation-badilelubamba.org\/wp-content\/uploads\/2024\/04\/BK-L.png 565w, https:\/\/www.fondation-badilelubamba.org\/wp-content\/uploads\/2024\/04\/BK-L-269x300.png 269w\" sizes=\"(max-width: 565px) 100vw, 565px\" \/>\t\t\t\t\t\t\t\t\t\t\t\t\t\t\t<\/div>\n\t\t\t\t<\/div>\n\t\t\t\t\t<\/div>\n\t\t<\/div>\n\t\t\t\t<div class=\"elementor-column elementor-col-50 elementor-inner-column elementor-element elementor-element-a574a68\" data-id=\"a574a68\" data-element_type=\"column\">\n\t\t\t<div class=\"elementor-widget-wrap elementor-element-populated\">\n\t\t\t\t\t\t<div class=\"elementor-element elementor-element-34f88d40 elementor-widget elementor-widget-heading\" data-id=\"34f88d40\" data-element_type=\"widget\" data-widget_type=\"heading.default\">\n\t\t\t\t<div class=\"elementor-widget-container\">\n\t\t\t\t\t<h2 class=\"elementor-heading-title elementor-size-default\">Badile Lubamba<\/h2>\t\t\t\t<\/div>\n\t\t\t\t<\/div>\n\t\t\t\t<div class=\"elementor-element elementor-element-e406e52 elementor-widget elementor-widget-heading\" data-id=\"e406e52\" data-element_type=\"widget\" data-widget_type=\"heading.default\">\n\t\t\t\t<div class=\"elementor-widget-container\">\n\t\t\t\t\t<h2 class=\"elementor-heading-title elementor-size-default\">Pr\u00e9sident fondateur<\/h2>\t\t\t\t<\/div>\n\t\t\t\t<\/div>\n\t\t\t\t<div class=\"elementor-element elementor-element-30d244e elementor-widget elementor-widget-text-editor\" data-id=\"30d244e\" data-element_type=\"widget\" data-widget_type=\"text-editor.default\">\n\t\t\t\t<div class=\"elementor-widget-container\">\n\t\t\t\t\t\t\t\t\t<p>Born in 1976 in Kinshasa, Democratic Republic of Congo, Badile Lubamba left his native country for Switzerland at the age of 7.<\/p>\n<p>Il \u00e9tudie \u00e0 Lausanne, Avenches et Bulle et, comme la plupart des gar\u00e7ons de son \u00e2ge, s&rsquo;adonne \u00e0 la passion du football. Le r\u00f4le social du sport l&rsquo;a aid\u00e9 \u00e0 tisser des liens plus \u00e9troits avec ses pairs. \u00c0 l&rsquo;\u00e2ge de 16<span style=\"color: #000000; font-family: Helvetica; font-size: 18px;\">&nbsp;<\/span><span style=\"font-style: inherit; font-weight: inherit;\">ans, alors qu&rsquo;il effectue un apprentissage de peintre (sanctionn\u00e9 par une attestation f\u00e9d\u00e9rale de formation professionnelle), il est rep\u00e9r\u00e9 comme jeune talent par le prestigieux Football Club Lausanne-Sport. D\u00e8s lors, Badile est propuls\u00e9 dans le monde du football professionnel jusqu&rsquo;en 2007, jouant pour plusieurs \u00e9quipes suisses ainsi qu&rsquo;en France (Troyes). Badile est connu pour avoir \u00e9t\u00e9 le premier joueur noir \u00e0 int\u00e9grer l&rsquo;\u00e9quipe nationale suisse (2001).<\/span><\/p>\n<p>Malgr\u00e9 sa r\u00e9ussite professionnelle, ce natif de la R\u00e9publique d\u00e9mocratique du Congo n&rsquo;a jamais oubli\u00e9 ses origines, ni la pauvret\u00e9 et le d\u00e9nuement qui&nbsp;gangr\u00e8nent<span style=\"font-style: inherit; font-weight: inherit;\">&nbsp;encore son pays. Lorsque sa carri\u00e8re de footballeur professionnel a pris fin, il s&rsquo;est consacr\u00e9 \u00e0 aider les jeunes d\u00e9favoris\u00e9s de la RDC \u00e0 acc\u00e9der \u00e0 une vie meilleure par le biais du sport.<\/span><\/p>\n<p>Citoyen suisse, il a cr\u00e9\u00e9 une fondation en son nom propre en R\u00e9publique d\u00e9mocratique du Congo, la Fondation BK Lubamba&rsquo; Afrique. Il a ensuite cr\u00e9\u00e9 une association en Suisse et une fondation au Canada pour soutenir ses projets en RD Congo.&nbsp;<\/p>\t\t\t\t\t\t\t\t<\/div>\n\t\t\t\t<\/div>\n\t\t\t\t\t<\/div>\n\t\t<\/div>\n\t\t\t\t\t<\/div>\n\t\t<\/section>\n\t\t\t\t\t<\/div>\n\t\t<\/div>\n\t\t\t\t\t<\/div>\n\t\t<\/section>\n\t\t\t\t<section class=\"elementor-section elementor-top-section elementor-element elementor-element-c48550d elementor-section-boxed elementor-section-height-default elementor-section-height-default\" data-id=\"c48550d\" data-element_type=\"section\" data-settings=\"{&quot;background_background&quot;:&quot;classic&quot;}\">\n\t\t\t\t\t\t<div class=\"elementor-container elementor-column-gap-default\">\n\t\t\t\t\t<div class=\"elementor-column elementor-col-100 elementor-top-column elementor-element elementor-element-77e585a\" data-id=\"77e585a\" data-element_type=\"column\">\n\t\t\t<div class=\"elementor-widget-wrap elementor-element-populated\">\n\t\t\t\t\t\t<div class=\"elementor-element elementor-element-c563a11 elementor-blockquote--skin-quotation elementor-blockquote--align-center elementor-blockquote--button-color-official elementor-widget elementor-widget-blockquote\" data-id=\"c563a11\" data-element_type=\"widget\" data-widget_type=\"blockquote.default\">\n\t\t\t\t<div class=\"elementor-widget-container\">\n\t\t\t\t\t\t\t<blockquote class=\"elementor-blockquote\">\n\t\t\t<p class=\"elementor-blockquote__content\">\n\t\t\t\tLa nation congolaise, riche de son potentiel et de sa diversit\u00e9, est en qu\u00eate d\u2019un avenir radieux. Les femmes, les jeunes et les personnes vuln\u00e9rables qui forment le c\u0153ur de cette nation m\u00e9ritent de partager cet espoir. Cependant, ils sont trop souvent laiss\u00e9s de c\u00f4t\u00e9. Dans cet esprit, la Fondation BK Lubamba\u2019 Afrique s\u2019engage \u00e0 soutenir les initiatives du Chef de l\u2019\u00c9tat dans les domaines social et humanitaire. En mettant en \u0153uvre des actions p\u00e9rennes et des projets innovants visant \u00e0 am\u00e9liorer le quotidien de ces individus, la fondation d\u00e9ploie ses ressources pour semer les graines du d\u00e9veloppement durable. Elle aspire \u00e0 transformer la vie des hommes et des femmes des soci\u00e9t\u00e9s africaines confront\u00e9es \u00e0 des d\u00e9fis, en agissant sur trois niveaux essentiels<span style=\"color: rgb(0, 0, 0); font-family: Helvetica; font-size: 18px; text-align: start; white-space-collapse: collapse; background-color: transparent;\">&nbsp;<\/span><span style=\"background-color: transparent;\">: <\/span><span style=\"background-color: transparent;\">physique, mat\u00e9riel et intellectuel, pour forger un avenir meilleur et prosp\u00e8re.<\/span><br><br>\t\t\t<\/p>\n\t\t\t\t\t\t\t<div class=\"e-q-footer\">\n\t\t\t\t\t\t\t\t\t\t\t<cite class=\"elementor-blockquote__author\">Badile Lubamba<\/cite>\n\t\t\t\t\t\t\t\t\t\t\t\t\t\t<\/div>\n\t\t\t\t\t<\/blockquote>\n\t\t\t\t\t\t<\/div>\n\t\t\t\t<\/div>\n\t\t\t\t\t<\/div>\n\t\t<\/div>\n\t\t\t\t\t<\/div>\n\t\t<\/section>\n\t\t\t\t<\/div>","protected":false},"excerpt":{"rendered":"<p>Badile Lubamba Pr\u00e9sident fondateur N\u00e9 en 1976 \u00e0 Kinshasa, en R\u00e9publique d\u00e9mocratique du Congo, Badile Lubamba quitte son pays natal pour la Suisse \u00e0 l&rsquo;\u00e2ge de 7 ans. Il \u00e9tudie \u00e0 Lausanne, Avenches et Bulle et, comme la plupart des gar\u00e7ons de son \u00e2ge, s&rsquo;adonne \u00e0 la passion du football. Le r\u00f4le social du sport [&hellip;]<\/p>","protected":false},"author":1,"featured_media":0,"parent":0,"menu_order":0,"comment_status":"closed","ping_status":"closed","template":"elementor_header_footer","meta":{"give_campaign_id":0,"_eb_attr":"","site-sidebar-layout":"default","site-content-layout":"","ast-site-content-layout":"","site-content-style":"default","site-sidebar-style":"default","ast-global-header-display":"","ast-banner-title-visibility":"","ast-main-header-display":"","ast-hfb-above-header-display":"","ast-hfb-below-header-display":"","ast-hfb-mobile-header-display":"","site-post-title":"","ast-breadcrumbs-content":"","ast-featured-img":"","footer-sml-layout":"","theme-transparent-header-meta":"","adv-header-id-meta":"","stick-header-meta":"","header-above-stick-meta":"","header-main-stick-meta":"","header-below-stick-meta":"","astra-migrate-meta-layouts":"default","ast-page-background-enabled":"default","ast-page-background-meta":{"desktop":{"background-color":"var(--ast-global-color-4)","background-image":"","background-repeat":"repeat","background-position":"center center","background-size":"auto","background-attachment":"scroll","background-type":"","background-media":"","overlay-type":"","overlay-color":"","overlay-opacity":"","overlay-gradient":""},"tablet":{"background-color":"","background-image":"","background-repeat":"repeat","background-position":"center center","background-size":"auto","background-attachment":"scroll","background-type":"","background-media":"","overlay-type":"","overlay-color":"","overlay-opacity":"","overlay-gradient":""},"mobile":{"background-color":"","background-image":"","background-repeat":"repeat","background-position":"center center","background-size":"auto","background-attachment":"scroll","background-type":"","background-media":"","overlay-type":"","overlay-color":"","overlay-opacity":"","overlay-gradient":""}},"ast-content-background-meta":{"desktop":{"background-color":"var(--ast-global-color-5)","background-image":"","background-repeat":"repeat","background-position":"center center","background-size":"auto","background-attachment":"scroll","background-type":"","background-media":"","overlay-type":"","overlay-color":"","overlay-opacity":"","overlay-gradient":""},"tablet":{"background-color":"var(--ast-global-color-5)","background-image":"","background-repeat":"repeat","background-position":"center center","background-size":"auto","background-attachment":"scroll","background-type":"","background-media":"","overlay-type":"","overlay-color":"","overlay-opacity":"","overlay-gradient":""},"mobile":{"background-color":"var(--ast-global-color-5)","background-image":"","background-repeat":"repeat","background-position":"center center","background-size":"auto","background-attachment":"scroll","background-type":"","background-media":"","overlay-type":"","overlay-color":"","overlay-opacity":"","overlay-gradient":""}},"footnotes":""},"class_list":["post-143","page","type-page","status-publish","hentry"],"campaignId":"","_links":{"self":[{"href":"https:\/\/www.fondation-badilelubamba.org\/en\/wp-json\/wp\/v2\/pages\/143","targetHints":{"allow":["GET"]}}],"collection":[{"href":"https:\/\/www.fondation-badilelubamba.org\/en\/wp-json\/wp\/v2\/pages"}],"about":[{"href":"https:\/\/www.fondation-badilelubamba.org\/en\/wp-json\/wp\/v2\/types\/page"}],"author":[{"embeddable":true,"href":"https:\/\/www.fondation-badilelubamba.org\/en\/wp-json\/wp\/v2\/users\/1"}],"replies":[{"embeddable":true,"href":"https:\/\/www.fondation-badilelubamba.org\/en\/wp-json\/wp\/v2\/comments?post=143"}],"version-history":[{"count":0,"href":"https:\/\/www.fondation-badilelubamba.org\/en\/wp-json\/wp\/v2\/pages\/143\/revisions"}],"wp:attachment":[{"href":"https:\/\/www.fondation-badilelubamba.org\/en\/wp-json\/wp\/v2\/media?parent=143"}],"curies":[{"name":"wp","href":"https:\/\/api.w.org\/{rel}","templated":true}]}}