{"id":1360,"date":"2025-07-25T18:35:23","date_gmt":"2025-07-25T18:35:23","guid":{"rendered":"https:\/\/www.fondation-badilelubamba.org\/?page_id=1360"},"modified":"2025-08-15T15:28:30","modified_gmt":"2025-08-15T15:28:30","slug":"pose-du-gazon-synthetique-par-lentreprise-realsport-sur-le-terrain-de-foot-de-la-fondation","status":"publish","type":"page","link":"https:\/\/www.fondation-badilelubamba.org\/en\/pose-du-gazon-synthetique-par-lentreprise-realsport-sur-le-terrain-de-foot-de-la-fondation\/","title":{"rendered":"Pose du gazon synth\u00e9tique par l&rsquo;entreprise Realsport sur le terrain de foot de la fondation"},"content":{"rendered":"<div data-elementor-type=\"wp-page\" data-elementor-id=\"1360\" class=\"elementor elementor-1360\" data-elementor-post-type=\"page\">\n\t\t\t\t\t\t<section class=\"elementor-section elementor-top-section elementor-element elementor-element-332b1c6e elementor-section-full_width elementor-section-height-min-height elementor-section-height-default elementor-section-items-middle\" data-id=\"332b1c6e\" data-element_type=\"section\" data-settings=\"{&quot;background_background&quot;:&quot;classic&quot;}\">\n\t\t\t\t\t\t\t<div class=\"elementor-background-overlay\"><\/div>\n\t\t\t\t\t\t\t<div class=\"elementor-container elementor-column-gap-default\">\n\t\t\t\t\t<div class=\"elementor-column elementor-col-100 elementor-top-column elementor-element elementor-element-42b9303a\" data-id=\"42b9303a\" data-element_type=\"column\">\n\t\t\t<div class=\"elementor-widget-wrap elementor-element-populated\">\n\t\t\t\t\t\t<section class=\"elementor-section elementor-inner-section elementor-element elementor-element-c8f2938 elementor-section-full_width elementor-section-height-default elementor-section-height-default\" data-id=\"c8f2938\" data-element_type=\"section\">\n\t\t\t\t\t\t<div class=\"elementor-container elementor-column-gap-default\">\n\t\t\t\t\t<div class=\"elementor-column elementor-col-100 elementor-inner-column elementor-element elementor-element-7ed15c03\" data-id=\"7ed15c03\" data-element_type=\"column\">\n\t\t\t<div class=\"elementor-widget-wrap\">\n\t\t\t\t\t\t\t<\/div>\n\t\t<\/div>\n\t\t\t\t\t<\/div>\n\t\t<\/section>\n\t\t\t\t\t<\/div>\n\t\t<\/div>\n\t\t\t\t\t<\/div>\n\t\t<\/section>\n\t\t\t\t<section class=\"elementor-section elementor-top-section elementor-element elementor-element-22184690 elementor-section-boxed elementor-section-height-default elementor-section-height-default\" data-id=\"22184690\" data-element_type=\"section\">\n\t\t\t\t\t\t<div class=\"elementor-container elementor-column-gap-default\">\n\t\t\t\t\t<div class=\"elementor-column elementor-col-100 elementor-top-column elementor-element elementor-element-1ce65d78\" data-id=\"1ce65d78\" data-element_type=\"column\">\n\t\t\t<div class=\"elementor-widget-wrap elementor-element-populated\">\n\t\t\t\t\t\t<div class=\"elementor-element elementor-element-14c188c1 elementor-widget elementor-widget-heading\" data-id=\"14c188c1\" data-element_type=\"widget\" data-widget_type=\"heading.default\">\n\t\t\t\t<div class=\"elementor-widget-container\">\n\t\t\t\t\t<h2 class=\"elementor-heading-title elementor-size-default\">Am\u00e9nagement d'un terrain de foot en gazon synth\u00e9tique par l'entreprise suisse Realsport<\/h2>\t\t\t\t<\/div>\n\t\t\t\t<\/div>\n\t\t\t\t<div class=\"elementor-element elementor-element-b7889a9 elementor-widget elementor-widget-text-editor\" data-id=\"b7889a9\" data-element_type=\"widget\" data-widget_type=\"text-editor.default\">\n\t\t\t\t<div class=\"elementor-widget-container\">\n\t\t\t\t\t\t\t\t\t<p>En janvier 2020, l&rsquo;entreprise suisse Realsport s&rsquo;est rendue \u00e0 Kinshasa avec ses techniciens afin de r\u00e9aliser un terrain de football en gazon synth\u00e9tique dans le complexe scolaire Lisanga-Bokeleale, concr\u00e9tisant ainsi le projet de la Fondation BK Lubamba&rsquo;Afrique en faveur de la jeunesse de Kinshasa.<\/p><p><em><strong>Pour voir les l\u00e9gendes, cliquer sur les photos.<\/strong><\/em><\/p>\t\t\t\t\t\t\t\t<\/div>\n\t\t\t\t<\/div>\n\t\t\t\t<div class=\"elementor-element elementor-element-658377a1 elementor-widget elementor-widget-gallery\" data-id=\"658377a1\" data-element_type=\"widget\" data-settings=\"{&quot;gallery_layout&quot;:&quot;justified&quot;,&quot;lazyload&quot;:&quot;yes&quot;,&quot;ideal_row_height&quot;:{&quot;unit&quot;:&quot;px&quot;,&quot;size&quot;:200,&quot;sizes&quot;:[]},&quot;ideal_row_height_tablet&quot;:{&quot;unit&quot;:&quot;px&quot;,&quot;size&quot;:150,&quot;sizes&quot;:[]},&quot;ideal_row_height_mobile&quot;:{&quot;unit&quot;:&quot;px&quot;,&quot;size&quot;:150,&quot;sizes&quot;:[]},&quot;gap&quot;:{&quot;unit&quot;:&quot;px&quot;,&quot;size&quot;:10,&quot;sizes&quot;:[]},&quot;gap_tablet&quot;:{&quot;unit&quot;:&quot;px&quot;,&quot;size&quot;:10,&quot;sizes&quot;:[]},&quot;gap_mobile&quot;:{&quot;unit&quot;:&quot;px&quot;,&quot;size&quot;:10,&quot;sizes&quot;:[]},&quot;link_to&quot;:&quot;file&quot;,&quot;overlay_background&quot;:&quot;yes&quot;,&quot;content_hover_animation&quot;:&quot;fade-in&quot;}\" data-widget_type=\"gallery.default\">\n\t\t\t\t<div class=\"elementor-widget-container\">\n\t\t\t\t\t\t\t<div class=\"elementor-gallery__container\">\n\t\t\t\t\t\t\t<a class=\"e-gallery-item elementor-gallery-item elementor-animated-content\" href=\"https:\/\/www.fondation-badilelubamba.org\/wp-content\/uploads\/2025\/07\/WhatsApp-Image-2025-07-25-at-19.54.38-1.jpeg\" data-elementor-open-lightbox=\"yes\" data-elementor-lightbox-slideshow=\"658377a1\" data-elementor-lightbox-title=\"Au d\u00e9part, il n&#039;y avait qu&#039;un grand terrain vague.\" data-e-action-hash=\"#elementor-action%3Aaction%3Dlightbox%26settings%3DeyJpZCI6MTM3NywidXJsIjoiaHR0cHM6XC9cL3d3dy5mb25kYXRpb24tYmFkaWxlbHViYW1iYS5vcmdcL3dwLWNvbnRlbnRcL3VwbG9hZHNcLzIwMjVcLzA3XC9XaGF0c0FwcC1JbWFnZS0yMDI1LTA3LTI1LWF0LTE5LjU0LjM4LTEuanBlZyIsInNsaWRlc2hvdyI6IjY1ODM3N2ExIn0%3D\">\n\t\t\t\t\t<div class=\"e-gallery-image elementor-gallery-item__image\" data-thumbnail=\"https:\/\/www.fondation-badilelubamba.org\/wp-content\/uploads\/2025\/07\/WhatsApp-Image-2025-07-25-at-19.54.38-1-300x225.jpeg\" data-width=\"300\" data-height=\"225\" aria-label=\"\" role=\"img\" ><\/div>\n\t\t\t\t\t\t\t\t\t\t\t<div class=\"elementor-gallery-item__overlay\"><\/div>\n\t\t\t\t\t\t\t\t\t\t\t\t\t\t<\/a>\n\t\t\t\t\t\t\t<a class=\"e-gallery-item elementor-gallery-item elementor-animated-content\" href=\"https:\/\/www.fondation-badilelubamba.org\/wp-content\/uploads\/2025\/07\/WhatsApp-Image-2025-07-25-at-19.59.14.jpeg\" data-elementor-open-lightbox=\"yes\" data-elementor-lightbox-slideshow=\"658377a1\" data-elementor-lightbox-title=\"Les machines de chantier ont pris possession des lieux pour aplanir le terrain.\" data-e-action-hash=\"#elementor-action%3Aaction%3Dlightbox%26settings%3DeyJpZCI6MTM3OCwidXJsIjoiaHR0cHM6XC9cL3d3dy5mb25kYXRpb24tYmFkaWxlbHViYW1iYS5vcmdcL3dwLWNvbnRlbnRcL3VwbG9hZHNcLzIwMjVcLzA3XC9XaGF0c0FwcC1JbWFnZS0yMDI1LTA3LTI1LWF0LTE5LjU5LjE0LmpwZWciLCJzbGlkZXNob3ciOiI2NTgzNzdhMSJ9\">\n\t\t\t\t\t<div class=\"e-gallery-image elementor-gallery-item__image\" data-thumbnail=\"https:\/\/www.fondation-badilelubamba.org\/wp-content\/uploads\/2025\/07\/WhatsApp-Image-2025-07-25-at-19.59.14-300x169.jpeg\" data-width=\"300\" data-height=\"169\" aria-label=\"\" role=\"img\" ><\/div>\n\t\t\t\t\t\t\t\t\t\t\t<div class=\"elementor-gallery-item__overlay\"><\/div>\n\t\t\t\t\t\t\t\t\t\t\t\t\t\t<\/a>\n\t\t\t\t\t\t\t<a class=\"e-gallery-item elementor-gallery-item elementor-animated-content\" href=\"https:\/\/www.fondation-badilelubamba.org\/wp-content\/uploads\/2025\/07\/WhatsApp-Image-2025-07-25-at-20.01.03.jpeg\" data-elementor-open-lightbox=\"yes\" data-elementor-lightbox-slideshow=\"658377a1\" data-elementor-lightbox-title=\"Ensuite, une couche de souplesse a \u00e9t\u00e9 pos\u00e9e.\" data-e-action-hash=\"#elementor-action%3Aaction%3Dlightbox%26settings%3DeyJpZCI6MTM3OSwidXJsIjoiaHR0cHM6XC9cL3d3dy5mb25kYXRpb24tYmFkaWxlbHViYW1iYS5vcmdcL3dwLWNvbnRlbnRcL3VwbG9hZHNcLzIwMjVcLzA3XC9XaGF0c0FwcC1JbWFnZS0yMDI1LTA3LTI1LWF0LTIwLjAxLjAzLmpwZWciLCJzbGlkZXNob3ciOiI2NTgzNzdhMSJ9\">\n\t\t\t\t\t<div class=\"e-gallery-image elementor-gallery-item__image\" data-thumbnail=\"https:\/\/www.fondation-badilelubamba.org\/wp-content\/uploads\/2025\/07\/WhatsApp-Image-2025-07-25-at-20.01.03-300x225.jpeg\" data-width=\"300\" data-height=\"225\" aria-label=\"\" role=\"img\" ><\/div>\n\t\t\t\t\t\t\t\t\t\t\t<div class=\"elementor-gallery-item__overlay\"><\/div>\n\t\t\t\t\t\t\t\t\t\t\t\t\t\t<\/a>\n\t\t\t\t\t\t\t<a class=\"e-gallery-item elementor-gallery-item elementor-animated-content\" href=\"https:\/\/www.fondation-badilelubamba.org\/wp-content\/uploads\/2025\/07\/WhatsApp-Image-2025-07-25-at-19.51.41.jpeg\" data-elementor-open-lightbox=\"yes\" data-elementor-lightbox-slideshow=\"658377a1\" data-elementor-lightbox-title=\"Les rouleaux de gazon synth\u00e9tique venus de Suisse ont \u00e9t\u00e9 dispos\u00e9s sur la surface.\" data-e-action-hash=\"#elementor-action%3Aaction%3Dlightbox%26settings%3DeyJpZCI6MTM4MCwidXJsIjoiaHR0cHM6XC9cL3d3dy5mb25kYXRpb24tYmFkaWxlbHViYW1iYS5vcmdcL3dwLWNvbnRlbnRcL3VwbG9hZHNcLzIwMjVcLzA3XC9XaGF0c0FwcC1JbWFnZS0yMDI1LTA3LTI1LWF0LTE5LjUxLjQxLmpwZWciLCJzbGlkZXNob3ciOiI2NTgzNzdhMSJ9\">\n\t\t\t\t\t<div class=\"e-gallery-image elementor-gallery-item__image\" data-thumbnail=\"https:\/\/www.fondation-badilelubamba.org\/wp-content\/uploads\/2025\/07\/WhatsApp-Image-2025-07-25-at-19.51.41-300x225.jpeg\" data-width=\"300\" data-height=\"225\" aria-label=\"\" role=\"img\" ><\/div>\n\t\t\t\t\t\t\t\t\t\t\t<div class=\"elementor-gallery-item__overlay\"><\/div>\n\t\t\t\t\t\t\t\t\t\t\t\t\t\t<\/a>\n\t\t\t\t\t\t\t<a class=\"e-gallery-item elementor-gallery-item elementor-animated-content\" href=\"https:\/\/www.fondation-badilelubamba.org\/wp-content\/uploads\/2025\/07\/WhatsApp-Image-2025-07-25-at-20.07.26.jpeg\" data-elementor-open-lightbox=\"yes\" data-elementor-lightbox-slideshow=\"658377a1\" data-elementor-lightbox-title=\"Les travaux finis, le nouveau terrain n&#039;attend plus que les jeunes footballeurs.\" data-e-action-hash=\"#elementor-action%3Aaction%3Dlightbox%26settings%3DeyJpZCI6MTM4MiwidXJsIjoiaHR0cHM6XC9cL3d3dy5mb25kYXRpb24tYmFkaWxlbHViYW1iYS5vcmdcL3dwLWNvbnRlbnRcL3VwbG9hZHNcLzIwMjVcLzA3XC9XaGF0c0FwcC1JbWFnZS0yMDI1LTA3LTI1LWF0LTIwLjA3LjI2LmpwZWciLCJzbGlkZXNob3ciOiI2NTgzNzdhMSJ9\">\n\t\t\t\t\t<div class=\"e-gallery-image elementor-gallery-item__image\" data-thumbnail=\"https:\/\/www.fondation-badilelubamba.org\/wp-content\/uploads\/2025\/07\/WhatsApp-Image-2025-07-25-at-20.07.26-300x200.jpeg\" data-width=\"300\" data-height=\"200\" aria-label=\"\" role=\"img\" ><\/div>\n\t\t\t\t\t\t\t\t\t\t\t<div class=\"elementor-gallery-item__overlay\"><\/div>\n\t\t\t\t\t\t\t\t\t\t\t\t\t\t<\/a>\n\t\t\t\t\t\t\t<a class=\"e-gallery-item elementor-gallery-item elementor-animated-content\" href=\"https:\/\/www.fondation-badilelubamba.org\/wp-content\/uploads\/2025\/07\/WhatsApp-Image-2025-07-25-at-20.08.13.jpeg\" data-elementor-open-lightbox=\"yes\" data-elementor-lightbox-slideshow=\"658377a1\" data-elementor-lightbox-title=\"L&#039;inauguration a eu lieu le 29 janvier 2020, en pr\u00e9sence de nombreux invit\u00e9s.\" data-e-action-hash=\"#elementor-action%3Aaction%3Dlightbox%26settings%3DeyJpZCI6MTM4MywidXJsIjoiaHR0cHM6XC9cL3d3dy5mb25kYXRpb24tYmFkaWxlbHViYW1iYS5vcmdcL3dwLWNvbnRlbnRcL3VwbG9hZHNcLzIwMjVcLzA3XC9XaGF0c0FwcC1JbWFnZS0yMDI1LTA3LTI1LWF0LTIwLjA4LjEzLmpwZWciLCJzbGlkZXNob3ciOiI2NTgzNzdhMSJ9\">\n\t\t\t\t\t<div class=\"e-gallery-image elementor-gallery-item__image\" data-thumbnail=\"https:\/\/www.fondation-badilelubamba.org\/wp-content\/uploads\/2025\/07\/WhatsApp-Image-2025-07-25-at-20.08.13-300x200.jpeg\" data-width=\"300\" data-height=\"200\" aria-label=\"\" role=\"img\" ><\/div>\n\t\t\t\t\t\t\t\t\t\t\t<div class=\"elementor-gallery-item__overlay\"><\/div>\n\t\t\t\t\t\t\t\t\t\t\t\t\t\t<\/a>\n\t\t\t\t\t\t\t<a class=\"e-gallery-item elementor-gallery-item elementor-animated-content\" href=\"https:\/\/www.fondation-badilelubamba.org\/wp-content\/uploads\/2025\/07\/Capture-decran-2025-07-25-a-20.20.22.png\" data-elementor-open-lightbox=\"yes\" data-elementor-lightbox-slideshow=\"658377a1\" data-elementor-lightbox-title=\"Le ruban a \u00e9t\u00e9 coup\u00e9 par Anthony Nkinzo, directeur de cabinet du Pr\u00e9sident F\u00e9lix Tshisekedi, et Stephan Schmid, chef de mission \u00e0 l&#039;ambassade de Suisse en RDC.\" data-e-action-hash=\"#elementor-action%3Aaction%3Dlightbox%26settings%3DeyJpZCI6MTM4NywidXJsIjoiaHR0cHM6XC9cL3d3dy5mb25kYXRpb24tYmFkaWxlbHViYW1iYS5vcmdcL3dwLWNvbnRlbnRcL3VwbG9hZHNcLzIwMjVcLzA3XC9DYXB0dXJlLWRlY3Jhbi0yMDI1LTA3LTI1LWEtMjAuMjAuMjIucG5nIiwic2xpZGVzaG93IjoiNjU4Mzc3YTEifQ%3D%3D\">\n\t\t\t\t\t<div class=\"e-gallery-image elementor-gallery-item__image\" data-thumbnail=\"https:\/\/www.fondation-badilelubamba.org\/wp-content\/uploads\/2025\/07\/Capture-decran-2025-07-25-a-20.20.22-197x300.png\" data-width=\"197\" data-height=\"300\" aria-label=\"\" role=\"img\" ><\/div>\n\t\t\t\t\t\t\t\t\t\t\t<div class=\"elementor-gallery-item__overlay\"><\/div>\n\t\t\t\t\t\t\t\t\t\t\t\t\t\t<\/a>\n\t\t\t\t\t\t\t<a class=\"e-gallery-item elementor-gallery-item elementor-animated-content\" href=\"https:\/\/www.fondation-badilelubamba.org\/wp-content\/uploads\/2025\/07\/WhatsApp-Image-2025-07-25-at-20.10.48.jpeg\" data-elementor-open-lightbox=\"yes\" data-elementor-lightbox-slideshow=\"658377a1\" data-elementor-lightbox-title=\"Les enfants, heureux, ont aussit\u00f4t pris possession de leur nouvelle surface de jeu.\" data-e-action-hash=\"#elementor-action%3Aaction%3Dlightbox%26settings%3DeyJpZCI6MTM4NCwidXJsIjoiaHR0cHM6XC9cL3d3dy5mb25kYXRpb24tYmFkaWxlbHViYW1iYS5vcmdcL3dwLWNvbnRlbnRcL3VwbG9hZHNcLzIwMjVcLzA3XC9XaGF0c0FwcC1JbWFnZS0yMDI1LTA3LTI1LWF0LTIwLjEwLjQ4LmpwZWciLCJzbGlkZXNob3ciOiI2NTgzNzdhMSJ9\">\n\t\t\t\t\t<div class=\"e-gallery-image elementor-gallery-item__image\" data-thumbnail=\"https:\/\/www.fondation-badilelubamba.org\/wp-content\/uploads\/2025\/07\/WhatsApp-Image-2025-07-25-at-20.10.48-300x225.jpeg\" data-width=\"300\" data-height=\"225\" aria-label=\"\" role=\"img\" ><\/div>\n\t\t\t\t\t\t\t\t\t\t\t<div class=\"elementor-gallery-item__overlay\"><\/div>\n\t\t\t\t\t\t\t\t\t\t\t\t\t\t<\/a>\n\t\t\t\t\t\t\t<a class=\"e-gallery-item elementor-gallery-item elementor-animated-content\" href=\"https:\/\/www.fondation-badilelubamba.org\/wp-content\/uploads\/2025\/07\/WhatsApp-Image-2025-07-25-at-17.23.28.jpeg\" data-elementor-open-lightbox=\"yes\" data-elementor-lightbox-slideshow=\"658377a1\" data-elementor-lightbox-title=\"Le nouveau terrain de football photographi\u00e9 depuis un drone.\" data-e-action-hash=\"#elementor-action%3Aaction%3Dlightbox%26settings%3DeyJpZCI6MTM4NSwidXJsIjoiaHR0cHM6XC9cL3d3dy5mb25kYXRpb24tYmFkaWxlbHViYW1iYS5vcmdcL3dwLWNvbnRlbnRcL3VwbG9hZHNcLzIwMjVcLzA3XC9XaGF0c0FwcC1JbWFnZS0yMDI1LTA3LTI1LWF0LTE3LjIzLjI4LmpwZWciLCJzbGlkZXNob3ciOiI2NTgzNzdhMSJ9\">\n\t\t\t\t\t<div class=\"e-gallery-image elementor-gallery-item__image\" data-thumbnail=\"https:\/\/www.fondation-badilelubamba.org\/wp-content\/uploads\/2025\/07\/WhatsApp-Image-2025-07-25-at-17.23.28-300x169.jpeg\" data-width=\"300\" data-height=\"169\" aria-label=\"\" role=\"img\" ><\/div>\n\t\t\t\t\t\t\t\t\t\t\t<div class=\"elementor-gallery-item__overlay\"><\/div>\n\t\t\t\t\t\t\t\t\t\t\t\t\t\t<\/a>\n\t\t\t\t\t<\/div>\n\t\t\t\t\t<\/div>\n\t\t\t\t<\/div>\n\t\t\t\t\t<\/div>\n\t\t<\/div>\n\t\t\t\t\t<\/div>\n\t\t<\/section>\n\t\t\t\t<\/div>","protected":false},"excerpt":{"rendered":"<p>Am\u00e9nagement d&rsquo;un terrain de foot en gazon synth\u00e9tique par l&rsquo;entreprise suisse Realsport En janvier 2020, l&rsquo;entreprise suisse Realsport s&rsquo;est rendue \u00e0 Kinshasa avec ses techniciens afin de r\u00e9aliser un terrain de football en gazon synth\u00e9tique dans le complexe scolaire Lisanga-Bokeleale, concr\u00e9tisant ainsi le projet de la Fondation BK Lubamba&rsquo;Afrique en faveur de la jeunesse de [&hellip;]<\/p>","protected":false},"author":2,"featured_media":0,"parent":0,"menu_order":0,"comment_status":"closed","ping_status":"closed","template":"","meta":{"give_campaign_id":0,"_eb_attr":"","site-sidebar-layout":"default","site-content-layout":"","ast-site-content-layout":"","site-content-style":"default","site-sidebar-style":"default","ast-global-header-display":"","ast-banner-title-visibility":"","ast-main-header-display":"","ast-hfb-above-header-display":"","ast-hfb-below-header-display":"","ast-hfb-mobile-header-display":"","site-post-title":"","ast-breadcrumbs-content":"","ast-featured-img":"","footer-sml-layout":"","theme-transparent-header-meta":"","adv-header-id-meta":"","stick-header-meta":"","header-above-stick-meta":"","header-main-stick-meta":"","header-below-stick-meta":"","astra-migrate-meta-layouts":"default","ast-page-background-enabled":"default","ast-page-background-meta":{"desktop":{"background-color":"var(--ast-global-color-4)","background-image":"","background-repeat":"repeat","background-position":"center center","background-size":"auto","background-attachment":"scroll","background-type":"","background-media":"","overlay-type":"","overlay-color":"","overlay-opacity":"","overlay-gradient":""},"tablet":{"background-color":"","background-image":"","background-repeat":"repeat","background-position":"center center","background-size":"auto","background-attachment":"scroll","background-type":"","background-media":"","overlay-type":"","overlay-color":"","overlay-opacity":"","overlay-gradient":""},"mobile":{"background-color":"","background-image":"","background-repeat":"repeat","background-position":"center center","background-size":"auto","background-attachment":"scroll","background-type":"","background-media":"","overlay-type":"","overlay-color":"","overlay-opacity":"","overlay-gradient":""}},"ast-content-background-meta":{"desktop":{"background-color":"var(--ast-global-color-5)","background-image":"","background-repeat":"repeat","background-position":"center center","background-size":"auto","background-attachment":"scroll","background-type":"","background-media":"","overlay-type":"","overlay-color":"","overlay-opacity":"","overlay-gradient":""},"tablet":{"background-color":"var(--ast-global-color-5)","background-image":"","background-repeat":"repeat","background-position":"center center","background-size":"auto","background-attachment":"scroll","background-type":"","background-media":"","overlay-type":"","overlay-color":"","overlay-opacity":"","overlay-gradient":""},"mobile":{"background-color":"var(--ast-global-color-5)","background-image":"","background-repeat":"repeat","background-position":"center center","background-size":"auto","background-attachment":"scroll","background-type":"","background-media":"","overlay-type":"","overlay-color":"","overlay-opacity":"","overlay-gradient":""}},"footnotes":""},"class_list":["post-1360","page","type-page","status-publish","hentry"],"campaignId":"","_links":{"self":[{"href":"https:\/\/www.fondation-badilelubamba.org\/en\/wp-json\/wp\/v2\/pages\/1360","targetHints":{"allow":["GET"]}}],"collection":[{"href":"https:\/\/www.fondation-badilelubamba.org\/en\/wp-json\/wp\/v2\/pages"}],"about":[{"href":"https:\/\/www.fondation-badilelubamba.org\/en\/wp-json\/wp\/v2\/types\/page"}],"author":[{"embeddable":true,"href":"https:\/\/www.fondation-badilelubamba.org\/en\/wp-json\/wp\/v2\/users\/2"}],"replies":[{"embeddable":true,"href":"https:\/\/www.fondation-badilelubamba.org\/en\/wp-json\/wp\/v2\/comments?post=1360"}],"version-history":[{"count":0,"href":"https:\/\/www.fondation-badilelubamba.org\/en\/wp-json\/wp\/v2\/pages\/1360\/revisions"}],"wp:attachment":[{"href":"https:\/\/www.fondation-badilelubamba.org\/en\/wp-json\/wp\/v2\/media?parent=1360"}],"curies":[{"name":"wp","href":"https:\/\/api.w.org\/{rel}","templated":true}]}}